{"id":868,"date":"2026-01-30T10:41:49","date_gmt":"2026-01-30T09:41:49","guid":{"rendered":"https:\/\/neues-mitteldeutschland.de\/?page_id=868"},"modified":"2026-02-06T09:36:54","modified_gmt":"2026-02-06T08:36:54","slug":"datenschutz","status":"publish","type":"page","link":"http:\/\/marktplatz-zwickauerland.de\/index.php\/datenschutz\/","title":{"rendered":"Datenschutz"},"content":{"rendered":"<p>Datenschutzerkl\u00e4rung<br \/>\nDatenschutz<\/p>\n<p>Soweit nachstehend keine anderen Angaben gemacht werden, ist die Bereitstellung Ihrer personenbezogenen Daten weder gesetzlich oder vertraglich vorgeschrieben, noch f\u00fcr einen Vertragsabschluss erforderlich. Sie sind zur Bereitstellung der Daten nicht verpflichtet. Eine Nichtbereitstellung hat keine Folgen. Dies gilt nur soweit bei den nachfolgenden Verarbeitungsvorg\u00e4ngen keine anderweitige Angabe gemacht wird.<br \/>\n&#8222;Personenbezogene Daten&#8220; sind alle Informationen, die sich auf eine identifizierte oder identifizierbare nat\u00fcrliche Person beziehen.<br \/>\nCookies<\/p>\n<p>Unsere Website verwendet Cookies. Cookies sind kleine Textdateien, die im Internetbrowser bzw. vom Internetbrowser auf dem Computersystem eines Nutzers gespeichert werden. Ruft ein Nutzer eine Website auf, so kann ein Cookie auf dem Betriebssystem des Nutzers gespeichert werden. Dieser Cookie enth\u00e4lt eine charakteristische Zeichenfolge, die eine eindeutige Identifizierung des Browsers beim erneuten Aufrufen der Website erm\u00f6glicht.<\/p>\n<p>Cookies werden auf Ihrem Rechner gespeichert. Daher haben Sie die volle Kontrolle \u00fcber die Verwendung von Cookies. Durch die Auswahl entsprechender technischer Einstellungen in Ihrem Internetbrowser k\u00f6nnen Sie vor dem Setzen von Cookies benachrichtigt werden und \u00fcber die Annahme einzeln entscheiden sowie die Speicherung der Cookies und \u00dcbermittlung der enthaltenen Daten verhindern. Bereits gespeicherte Cookies k\u00f6nnen jederzeit gel\u00f6scht werden. Wir weisen Sie jedoch darauf hin, dass Sie dann gegebenenfalls nicht s\u00e4mtliche Funktionen dieser Website vollumf\u00e4nglich werden nutzen k\u00f6nnen.<\/p>\n<p>Unter den nachstehenden Links k\u00f6nnen Sie sich informieren, wie Sie die Cookies bei den wichtigsten Browsern verwalten (u.a. auch deaktivieren) k\u00f6nnen:<br \/>\nChrome Browser: https:\/\/support.google.com\/accounts\/answer\/61416?hl=de<br \/>\nInternet Explorer: https:\/\/support.microsoft.com\/de-de\/help\/17442\/windows-internet-explorer-delete-manage-cookies<br \/>\nMozilla Firefox: https:\/\/support.mozilla.org\/de\/kb\/cookies-erlauben-und-ablehnen<br \/>\nSafari: https:\/\/support.apple.com\/de-de\/guide\/safari\/manage-cookies-and-website-data-sfri11471\/mac<\/p>\n<p>Technisch notwendige Cookies<br \/>\nSoweit nachstehend in der Datenschutzerkl\u00e4rung keine anderen Angaben gemacht werden setzen wir nur diese technisch notwendigen Cookies zu dem Zweck ein, unser Angebot nutzerfreundlicher, effektiver und sicherer zu machen. Des Weiteren erm\u00f6glichen Cookies unseren Systemen, Ihren Browser auch nach einem Seitenwechsel zu erkennen und Ihnen Services anzubieten. Einige Funktionen unserer Internetseite k\u00f6nnen ohne den Einsatz von Cookies nicht angeboten werden. F\u00fcr diese ist es erforderlich, dass der Browser auch nach einem Seitenwechsel wiedererkannt wird.<\/p>\n<p>Die Nutzung von Cookies oder vergleichbarer Technologien erfolgt auf Grundlage des \u00a7 25 Abs. 2 TTDSG. Die Verarbeitung Ihrer personenbezogenen Daten erfolgt auf Grundlage des Art. 6 Abs. 1 lit. f DSGVO aus unserem \u00fcberwiegenden berechtigten Interesse an der Gew\u00e4hrleistung der optimalen Funktionalit\u00e4t der Website sowie einer nutzerfreundlichen und effektiven Gestaltung unseres Angebots.<br \/>\nSie haben das Recht aus Gr\u00fcnden, die sich aus Ihrer besonderen Situation ergeben, jederzeit dieser Verarbeitungen Sie betreffender personenbezogener Daten zu widersprechen.<br \/>\nAnalyse<\/p>\n<p>Verwendung von Google Analytics<\/p>\n<p>Wir verwenden auf unserer Website den Webanalysedienst Google Analytics der Google Google Ireland Limited (Gordon House, Barrow Street, Dublin 4, Irland; &#8222;Google&#8220;). Die Datenverarbeitung dient dem Zweck der Analyse dieser Website und ihrer Besucher sowie f\u00fcr Marketing- und Werbezwecke.<br \/>\nDazu wird Google im Auftrag des Betreibers dieser Website die gewonnenen Informationen benutzen, um Ihre Nutzung der Website auszuwerten, um Reports \u00fcber die Websiteaktivit\u00e4ten zusammenzustellen und um weitere, mit der Websitenutzung und der Internetnutzung verbundene Dienstleistungen gegen\u00fcber dem Websitebetreiber zu erbringen. Dabei k\u00f6nnen u.a. folgende Informationen erhoben werden: IP-Adresse, Datum und Uhrzeit des Seitenaufrufs, Klickpfad, Informationen \u00fcber den von Ihnen verwendeten Browser und das von Ihnen verwendete Device (Ger\u00e4t), besuchte Seiten, Referrer-URL (Webseite, \u00fcber die Sie unsere Webseite aufgerufen haben), Standortdaten, Kaufaktivit\u00e4ten. Die im Rahmen von Google Analytics von Ihrem Browser \u00fcbermittelte IP-Adresse wird nicht mit anderen Daten von Google zusammengef\u00fchrt.<br \/>\nGoogle Analytics verwendet Technologien wie Cookies, Webspeicher im Browser und Z\u00e4hlpixel, die eine Analyse der Benutzung der Website durch Sie erm\u00f6glichen. Die dadurch erzeugten Informationen \u00fcber Ihre Benutzung dieser Website werden in der Regel an einen Server von Google in den USA \u00fcbertragen und dort gespeichert. F\u00fcr die USA ist kein Angemessenheitsbeschluss der EU-Kommission vorhanden.<br \/>\nDie Daten\u00fcbermittlung erfolgt u.a auf Grundlage von Standardvertragsklauseln als geeignete Garantien f\u00fcr den Schutz der personenbezogenen Daten, einsehbar unter: https:\/\/policies.google.com\/privacy\/frameworks und https:\/\/business.safety.google\/adsprocessorterms\/ . Sowohl Google als auch staatliche US-Beh\u00f6rden haben Zugriff auf Ihre Daten. Ihre Daten k\u00f6nnen von Google mit anderen Daten, wie beispielsweise Ihrem Suchverlauf, Ihren pers\u00f6nlichen Accounts, Ihren Nutzungsdaten anderer Ger\u00e4te und allen anderen Daten, die Google zu Ihnen vorliegen hat, verkn\u00fcpft werden.<br \/>\nAuf dieser Website ist die IP-Anonymisierung aktiviert. Dadurch wird Ihre IP-Adresse von Google innerhalb von Mitgliedstaaten der Europ\u00e4ischen Union oder in anderen Vertragsstaaten des Abkommens \u00fcber den Europ\u00e4ischen Wirtschaftsraum zuvor gek\u00fcrzt. Nur in Ausnahmef\u00e4llen wird die volle IP-Adresse an einen Server von Google in den USA \u00fcbertragen und dort gek\u00fcrzt.<br \/>\nDie Nutzung von Cookies oder vergleichbarer Technologien erfolgt mit Ihrer Einwilligung auf Grundlage des \u00a7 25 Abs. 1 S. 1 TTDSG i.V.m. Art. 6 Abs. 1 lit. a DSGVO. Die Verarbeitung Ihrer personenbezogenen Daten erfolgt mit Ihrer Einwilligung auf Grundlage des Art. 6 Abs. 1 lit. a DSGVO. Sie k\u00f6nnen die Einwilligung jederzeit widerrufen, ohne dass die Rechtm\u00e4\u00dfigkeit der aufgrund der Einwilligung bis zum Widerruf erfolgten Verarbeitung ber\u00fchrt wird.<br \/>\nN\u00e4here Informationen zu Nutzungsbedingungen und Datenschutz finden Sie unter https:\/\/www.google.com\/analytics\/terms\/de.html bzw. unter https:\/\/www.google.de\/intl\/de\/policies\/ sowie unter https:\/\/policies.google.com\/technologies\/cookies?hl=de .<br \/>\nServer-Log- Files<\/p>\n<p>Sie k\u00f6nnen unsere Webseiten besuchen, ohne Angaben zu Ihrer Person zu machen.<br \/>\nBei jedem Zugriff auf unsere Website werden an uns oder unseren Webhoster \/ IT-Dienstleister Nutzungsdaten durch Ihren Internet Browser \u00fcbermittelt und in Protokolldaten (sog. Server-Logfiles) gespeichert. Zu diesen gespeicherten Daten geh\u00f6ren z.B. der Name der aufgerufenen Seite, Datum und Uhrzeit des Abrufs, die IP-Adresse, die \u00fcbertragene Datenmenge und der anfragende Provider. Die Verarbeitung erfolgt auf Grundlage des Art. 6 Abs. 1 lit. f DSGVO aus unserem \u00fcberwiegenden berechtigten Interesse an der Gew\u00e4hrleistung eines st\u00f6rungsfreien Betriebs unserer Website sowie zur Verbesserung unseres Angebotes.<br \/>\nKontakt per E-Mail<\/p>\n<p>Initiativ-Kontaktaufnahme des Kunden per E-Mail<br \/>\nWenn Sie per E-Mail initiativ mit uns in Gesch\u00e4ftskontakt treten, erheben wir Ihre personenbezogenen Daten (Name, E-Mail-Adresse, Nachrichtentext) nur in dem von Ihnen zur Verf\u00fcgung gestellten Umfang. Die Datenverarbeitung dient der Bearbeitung und Beantwortung Ihrer Kontaktanfrage.<br \/>\nWenn die Kontaktaufnahme der Durchf\u00fchrung vorvertraglichen Ma\u00dfnahmen (bspw. Beratung bei Kaufinteresse, Angebotserstellung) dient oder einen bereits zwischen Ihnen und uns geschlossenen Vertrag betrifft, erfolgt diese Datenverarbeitung auf Grundlage des Art. 6 Abs. 1 lit. b DSGVO.<br \/>\nErfolgt die Kontaktaufnahme aus anderen Gr\u00fcnden erfolgt diese Datenverarbeitung auf Grundlage des Art. 6 Abs. 1 lit. f DSGVO aus unserem \u00fcberwiegenden berechtigten Interesse an der Bearbeitung und Beantwortung Ihrer Anfrage. In diesem Fall haben Sie das Recht, aus Gr\u00fcnden, die sich aus Ihrer besonderen Situation ergeben, jederzeit dieser auf Art. 6 Abs. 1 lit. f DSGVO beruhenden Verarbeitungen Sie betreffender personenbezogener Daten zu widersprechen.<br \/>\nIhre E-Mail-Adresse nutzen wir nur zur Bearbeitung Ihrer Anfrage. Ihre Daten werden anschlie\u00dfend unter Beachtung gesetzlicher Aufbewahrungsfristen gel\u00f6scht, sofern Sie der weitergehenden Verarbeitung und Nutzung nicht zugestimmt haben.<\/p>\n<p>Erhebung und Verarbeitung bei Nutzung des Kontaktformulars oder sonstiger Formulare<br \/>\nBei der Nutzung des Kontaktformulars erheben wir Ihre personenbezogenen Daten (Name, E-Mail-Adresse, Nachrichtentext) nur in dem von Ihnen zur Verf\u00fcgung gestellten Umfang. Die Datenverarbeitung dient dem Zweck der Kontaktaufnahme.<br \/>\nWenn die Kontaktaufnahme der Durchf\u00fchrung vorvertraglichen Ma\u00dfnahmen (bspw. Beratung bei Kaufinteresse, Angebotserstellung) dient oder einen bereits zwischen Ihnen und uns geschlossenen Vertrag betrifft, erfolgt diese Datenverarbeitung auf Grundlage des Art. 6 Abs. 1 lit. b DSGVO. Erfolgt die Kontaktaufnahme aus anderen Gr\u00fcnden erfolgt diese Datenverarbeitung auf Grundlage des Art. 6 Abs. 1 lit. f DSGVO aus unserem \u00fcberwiegenden berechtigten Interesse an der Bearbeitung und Beantwortung Ihrer Anfrage. In diesem Fall haben Sie das Recht, aus Gr\u00fcnden, die sich aus Ihrer besonderen Situation ergeben, jederzeit dieser auf Art. 6 Abs. 1 lit. f DSGVO beruhenden Verarbeitungen Sie betreffender personenbezogener Daten zu widersprechen. Ihre E-Mail-Adresse nutzen wir nur zur Bearbeitung Ihrer Anfrage. Ihre Daten werden anschlie\u00dfend unter Beachtung gesetzlicher Aufbewahrungsfristen gel\u00f6scht, sofern Sie der weitergehenden Verarbeitung und Nutzung nicht zugestimmt haben.<\/p>\n<p>Google Maps<\/p>\n<p>Wir verwenden auf unserer Website die Funktion zur Einbettung von GoogleMaps-Karten der Google LLC (1600 Amphitheatre Parkway, Mountain View, CA 94043, USA; &#8222;Google&#8220;).<br \/>\nSoweit Sie Ihren gew\u00f6hnlichen Aufenthalt im Europ\u00e4ischen Wirtschaftsraum oder der Schweiz haben, ist Google Ireland Limited (Gordon House, Barrow Street, Dublin 4, Irland) der f\u00fcr Ihre Daten zust\u00e4ndige Verantwortliche. Google Ireland Limited ist demnach das mit Google verbundene Unternehmen, welches f\u00fcr die Verarbeitung Ihrer Daten und die Einhaltung der anwendbaren Datenschutzgesetze verantwortlich ist.<br \/>\nDie Funktion erm\u00f6glicht die visuelle Darstellung von geographischen Informationen und interaktiven Landkarten. Dabei werden von Google bei Aufrufen der Seiten, in die GoogleMaps-Karten eingebunden sind, auch Daten der Besucher der Websites erhoben, verarbeitet und genutzt.<br \/>\nIhre Daten werden dabei gegebenenfalls auch in die USA \u00fcbermittelt. F\u00fcr die USA ist kein Angemessenheitsbeschluss der EU-Kommission vorhanden. Die Daten\u00fcbermittlung erfolgt u.a auf Grundlage von Standardvertragsklauseln als geeignete Garantien f\u00fcr den Schutz der personenbezogenen Daten, einsehbar unter: https:\/\/policies.google.com\/privacy\/frameworks .<br \/>\nDie Nutzung von Cookies oder vergleichbarer Technologien erfolgt mit Ihrer Einwilligung auf Grundlage des \u00a7 25 Abs. 1 S. 1 TTDSG i.V.m. Art. 6 Abs. 1 lit. a DSGVO. Die Verarbeitung Ihrer personenbezogenen Daten erfolgt mit Ihrer Einwilligung auf Grundlage des Art. 6 Abs. 1 lit. a DSGVO. Sie k\u00f6nnen die Einwilligung jederzeit widerrufen, ohne dass die Rechtm\u00e4\u00dfigkeit der aufgrund der Einwilligung bis zum Widerruf erfolgten Verarbeitung ber\u00fchrt wird.<br \/>\nN\u00e4here Informationen zur Erhebung und Nutzung der Daten durch Google finden Sie in den Datenschutzhinweisen von Google unter https:\/\/www.google.com\/privacypolicy.html . Dort haben Sie auch im Datenschutzcenter die M\u00f6glichkeit Ihre Einstellungen zu ver\u00e4ndern, so dass Sie Ihre von Google verarbeiteten Daten verwalten und sch\u00fctzen k\u00f6nnen.<br \/>\nGoogle reCAPTCHA<\/p>\n<p>Wir verwenden auf unserer Website den Dienst reCAPTCHA der Google LLC (1600 Amphitheatre Parkway, Mountain View, CA 94043, USA; &#8222;Google&#8220;).<br \/>\nSoweit Sie Ihren gew\u00f6hnlichen Aufenthalt im Europ\u00e4ischen Wirtschaftsraum oder der Schweiz haben, ist Google Ireland Limited (Gordon House, Barrow Street, Dublin 4, Irland) der f\u00fcr Ihre Daten zust\u00e4ndige Verantwortliche. Google Ireland Limited ist demnach das mit Google verbundene Unternehmen, welches f\u00fcr die Verarbeitung Ihrer Daten und die Einhaltung der anwendbaren Datenschutzgesetze verantwortlich ist. Die Abfrage dient dem Zweck der Unterscheidung der Eingabe durch einen Menschen oder durch automatisierte, maschinelle Verarbeitung. Dazu wird Ihre Eingabe an Google \u00fcbermittelt und dort weiterverwendet. Zus\u00e4tzlich werden die IP-Adresse und gegebenenfalls weitere von Google f\u00fcr den Dienst reCAPTCHA ben\u00f6tigte Daten an Google \u00fcbertragen. Diese Daten werden von Google innerhalb der Europ\u00e4ischen Union verarbeitet und gegebenenfalls auch in die USA \u00fcbermittelt. F\u00fcr die USA ist kein Angemessenheitsbeschluss der EU-Kommission vorhanden. Die Daten\u00fcbermittlung erfolgt u.a auf Grundlage von Standardvertragsklauseln als geeignete Garantien f\u00fcr den Schutz der personenbezogenen Daten, einsehbar unter: https:\/\/policies.google.com\/privacy\/frameworks .<br \/>\nDie Nutzung von Cookies oder vergleichbarer Technologien erfolgt mit Ihrer Einwilligung auf Grundlage des \u00a7 25 Abs. 1 S. 1 TTDSG i.V.m. Art. 6 Abs. 1 lit. a DSGVO. Die Verarbeitung Ihrer personenbezogenen Daten erfolgt mit Ihrer Einwilligung auf Grundlage des Art. 6 Abs. 1 lit. a DSGVO. Sie k\u00f6nnen die Einwilligung jederzeit widerrufen, ohne dass die Rechtm\u00e4\u00dfigkeit der aufgrund der Einwilligung bis zum Widerruf erfolgten Verarbeitung ber\u00fchrt wird.<br \/>\nN\u00e4here Informationen zu Google reCAPTCHA sowie die dazugeh\u00f6rige Datenschutzerkl\u00e4rung finden Sie unter: https:\/\/www.google.com\/recaptcha\/intro\/android.html sowie https:\/\/www.google.com\/privacy .<br \/>\nYouTube<\/p>\n<p>Wir verwenden auf unserer Website die Funktion zur Einbettung von YouTube-Videos der Google Ireland Limited (Gordon House, Barrow Street, Dublin 4, Irland; &#8222;YouTube&#8220;).YouTube ist ein mit der Google LLC (1600 Amphitheatre Parkway, Mountain View, CA 94043, USA; &#8222;Google&#8220;) verbundenes Unternehmen.<br \/>\nDie Funktion zeigt bei YouTube hinterlegte Videos in einem iFrame auf der Website an. Dabei ist die Option &#8222;Erweiterter Datenschutzmodus&#8220; aktiviert. Dadurch werden von YouTube keine Informationen \u00fcber die Besucher der Website gespeichert. Erst wenn Sie sich ein Video ansehen, werden Informationen dar\u00fcber an YouTube \u00fcbermittelt und dort gespeichert. Ihre Daten werden gegebenenfalls in die USA \u00fcbermittelt. F\u00fcr die USA ist kein Angemessenheitsbeschluss der EU-Kommission vorhanden. Die Daten\u00fcbermittlung erfolgt u.a auf Grundlage von Standardvertragsklauseln als geeignete Garantien f\u00fcr den Schutz der personenbezogenen Daten, einsehbar unter: https:\/\/policies.google.com\/privacy\/frameworks .<\/p>\n<p>Die Nutzung von Cookies oder vergleichbarer Technologien erfolgt mit Ihrer Einwilligung auf Grundlage des \u00a7 25 Abs. 1 S. 1 TTDSG i.V.m. Art. 6 Abs. 1 lit. a DSGVO. Die Verarbeitung Ihrer personenbezogenen Daten erfolgt mit Ihrer Einwilligung auf Grundlage des Art. 6 Abs. 1 lit. a DSGVO. Sie k\u00f6nnen die Einwilligung jederzeit widerrufen, ohne dass die Rechtm\u00e4\u00dfigkeit der aufgrund der Einwilligung bis zum Widerruf erfolgten Verarbeitung ber\u00fchrt wird.<br \/>\nN\u00e4here Informationen zur Erhebung und Nutzung der Daten durch YouTube und Google, \u00fcber Ihre diesbez\u00fcglichen Rechte und M\u00f6glichkeiten zum Schutz Ihrer Privatsph\u00e4re finden Sie in den Datenschutzhinweisen von YouTube unter https:\/\/www.youtube.com\/t\/privacy .<br \/>\nInhalte von WetterOnline<\/p>\n<p>Unsere Website nutzt Inhalte der Seite WetterOnline.de. Betreiber der Seiten ist die WetterOnline Meteorologische Dienstleistungen GmbH, Karl-Legien-Stra\u00dfe 194a, D-53117 Bonn, Deutschland . Wenn Sie eine mit der WetterOnline ausgestatteten Seiten ( Nachrichten und Branchenverzeichniss ) besuchen, wird eine Verbindung zu den Servern von WetterOnline hergestellt. Dabei wird dem WetterOnline-Server Ihre IP-Adresse mitgeteilt und welche unserer Seiten Sie besucht haben ( Referrer ).<\/p>\n<p>Weitere Informationen zum Umgang von Nutzerdaten finden Sie in der Datenschutzerkl\u00e4rung von WetterOnline unter:<br \/>\nhttps:\/\/www.wetteronline.de\/datenschutz<br \/>\nInhalte vom Deutschen Wetterdienst ( DWD )<\/p>\n<p>Unsere Website nutzt Inhalte der Seite dwd.de. Betreiber der Seiten ist Deutscher Wetterdienst, Frankfurter Stra\u00dfe 135, 63067 Offenbach, Deutschland . Wenn Sie eine mit der WetterOnline ausgestatteten Seiten ( Nachrichten und Branchenverzeichniss ) besuchen, wird eine Verbindung zu den Servern von WetterOnline hergestellt. Dabei wird dem WetterOnline-Server Ihre IP-Adresse mitgeteilt und welche unserer Seiten Sie besucht haben ( Referrer ).<\/p>\n<p>Weitere Informationen zum Umgang von Nutzerdaten finden Sie in der Datenschutzerkl\u00e4rung von Deutscher Wetterdienst unter:<br \/>\nhttps:\/\/www.dwd.de\/DE\/service\/datenschutz\/datenschutz_node.html<br \/>\nBetroffenenrechte und Speicherdauer<\/p>\n<p>Dauer der Speicherung<br \/>\nDie Daten werden unter Ber\u00fccksichtigung gesetzlicher Aufbewahrungsfristen gespeichert und dann nach Fristablauf gel\u00f6scht, sofern Sie der weitergehenden Verarbeitung und Nutzung nicht zugestimmt haben.<br \/>\nRechte der betroffenen Person<br \/>\nIhnen stehen bei Vorliegen der gesetzlichen Voraussetzungen folgende Rechte nach Art. 15 bis 20 DSGVO zu: Recht auf Auskunft, auf Berichtigung, auf L\u00f6schung, auf Einschr\u00e4nkung der Verarbeitung, auf Daten\u00fcbertragbarkeit.<br \/>\nAu\u00dferdem steht Ihnen nach Art. 21 Abs. 1 DSGVO ein Widerspruchsrecht gegen die Verarbeitungen zu, die auf Art. 6 Abs. 1 f DSGVO beruhen, sowie gegen die Verarbeitung zum Zwecke von Direktwerbung.<\/p>\n<p>Beschwerderecht bei der Aufsichtsbeh\u00f6rde<br \/>\nSie haben gem\u00e4\u00df Art. 77 DSGVO das Recht, sich bei der Aufsichtsbeh\u00f6rde zu beschweren, wenn Sie der Ansicht sind, dass die Verarbeitung Ihrer personenbezogenen Daten nicht rechtm\u00e4\u00dfig erfolgt.<\/p>\n<p>Widerspruchsrecht<br \/>\nBeruhen die hier aufgef\u00fchrten personenbezogenen Datenverarbeitungen auf Grundlage unseres berechtigten Interesses nach Art. 6 Abs. 1 lit. f DSGVO, haben Sie das Recht aus Gr\u00fcnden, die sich aus Ihrer besonderen Situation ergeben, jederzeit diesen Verarbeitungen mit Wirkung f\u00fcr die Zukunft zu widersprechen.<br \/>\nNach erfolgtem Widerspruch wird die Verarbeitung der betroffenen Daten beendet, es sei denn, wir k\u00f6nnen zwingende schutzw\u00fcrdige Gr\u00fcnde f\u00fcr die Verarbeitung nachweisen, die Ihren Interessen, Rechten und Freiheiten \u00fcberwiegen, oder wenn die Verarbeitung der Geltendmachung, Aus\u00fcbung oder Verteidigung von Rechtsanspr\u00fcchen dient.<\/p>\n<p>letzte Aktualisierung: 01.12.2021<\/p>\n","protected":false},"excerpt":{"rendered":"<p>Datenschutzerkl\u00e4rung Datenschutz Soweit nachstehend keine anderen Angaben gemacht werden, ist die Bereitstellung Ihrer personenbezogenen Daten weder gesetzlich oder vertraglich vorgeschrieben, noch f\u00fcr einen Vertragsabschluss erforderlich. Sie sind zur Bereitstellung der Daten nicht verpflichtet. Eine Nichtbereitstellung hat keine Folgen. Dies gilt nur soweit bei den nachfolgenden Verarbeitungsvorg\u00e4ngen keine anderweitige Angabe gemacht wird. &#8222;Personenbezogene Daten&#8220; sind alle [&hellip;]<\/p>\n","protected":false},"author":1,"featured_media":0,"parent":0,"menu_order":0,"comment_status":"closed","ping_status":"closed","template":"","meta":{"footnotes":""},"class_list":["post-868","page","type-page","status-publish","hentry"],"publishpress_future_action":{"enabled":false,"date":"2026-04-16 12:29:13","action":"change-status","newStatus":"draft","terms":[],"taxonomy":"","extraData":[]},"publishpress_future_workflow_manual_trigger":{"enabledWorkflows":[]},"_links":{"self":[{"href":"http:\/\/marktplatz-zwickauerland.de\/index.php\/wp-json\/wp\/v2\/pages\/868","targetHints":{"allow":["GET"]}}],"collection":[{"href":"http:\/\/marktplatz-zwickauerland.de\/index.php\/wp-json\/wp\/v2\/pages"}],"about":[{"href":"http:\/\/marktplatz-zwickauerland.de\/index.php\/wp-json\/wp\/v2\/types\/page"}],"author":[{"embeddable":true,"href":"http:\/\/marktplatz-zwickauerland.de\/index.php\/wp-json\/wp\/v2\/users\/1"}],"replies":[{"embeddable":true,"href":"http:\/\/marktplatz-zwickauerland.de\/index.php\/wp-json\/wp\/v2\/comments?post=868"}],"version-history":[{"count":1,"href":"http:\/\/marktplatz-zwickauerland.de\/index.php\/wp-json\/wp\/v2\/pages\/868\/revisions"}],"predecessor-version":[{"id":869,"href":"http:\/\/marktplatz-zwickauerland.de\/index.php\/wp-json\/wp\/v2\/pages\/868\/revisions\/869"}],"wp:attachment":[{"href":"http:\/\/marktplatz-zwickauerland.de\/index.php\/wp-json\/wp\/v2\/media?parent=868"}],"curies":[{"name":"wp","href":"https:\/\/api.w.org\/{rel}","templated":true}]}}